{"id":7573,"date":"2021-03-03T12:11:28","date_gmt":"2021-03-03T15:11:28","guid":{"rendered":"https:\/\/ec2-54-144-69-119.compute-1.amazonaws.com\/empresas\/?page_id=7573"},"modified":"2021-07-01T16:39:09","modified_gmt":"2021-07-01T19:39:09","slug":"politica-de-cookies","status":"publish","type":"page","link":"https:\/\/negocieonline.com.br\/empresas\/politica-de-cookies\/","title":{"rendered":"Pol\u00edtica de Cookies"},"content":{"rendered":"\t\t<div data-elementor-type=\"wp-page\" data-elementor-id=\"7573\" class=\"elementor elementor-7573\">\n\t\t\t\t\t\t<section class=\"elementor-section elementor-top-section elementor-element elementor-element-46f0fafa ot-traditional elementor-section-boxed elementor-section-height-default elementor-section-height-default\" data-id=\"46f0fafa\" data-element_type=\"section\">\n\t\t\t\t\t\t<div class=\"elementor-container elementor-column-gap-default\">\n\t\t\t\t\t<div class=\"elementor-column elementor-col-100 elementor-top-column elementor-element elementor-element-4e8f8807 ot-flex-column-vertical\" data-id=\"4e8f8807\" data-element_type=\"column\">\n\t\t\t<div class=\"elementor-widget-wrap elementor-element-populated\">\n\t\t\t\t\t\t<div class=\"elementor-element elementor-element-1d75a84e elementor-widget elementor-widget-text-editor\" data-id=\"1d75a84e\" data-element_type=\"widget\" data-widget_type=\"text-editor.default\">\n\t\t\t\t<div class=\"elementor-widget-container\">\n\t\t\t\t\t\t\t\t\t<h2>Sobre esta pol\u00edtica de cookies<\/h2>\n<p>Esta Pol\u00edtica de Cookies explica o que s\u00e3o cookies e como os usamos. Voc\u00ea deve ler esta pol\u00edtica para entender o que s\u00e3o cookies, como os usamos, os tipos de cookies que usamos, ou seja, as informa\u00e7\u00f5es que coletamos usando cookies e como essas informa\u00e7\u00f5es s\u00e3o usadas e como controlar as prefer\u00eancias de cookies.<\/p>\n<p>Para obter mais informa\u00e7\u00f5es sobre como usamos, armazenamos e mantemos seus dados pessoais seguros, consulte nossa Pol\u00edtica de Privacidade.<\/p>\n<p>Voc\u00ea pode a qualquer momento alterar ou retirar seu consentimento da Declara\u00e7\u00e3o de Cookie em nosso site.<\/p>\n<p>Saiba mais sobre quem somos, como voc\u00ea pode nos contatar e como processamos dados pessoais em nossa Pol\u00edtica de Privacidade.<\/p>\n<p>Seu consentimento se aplica aos seguintes dom\u00ednios: negocieonline.com.br<\/p>\n<h2>O que s\u00e3o cookies?<\/h2>\n<p>Cookies s\u00e3o pequenos arquivos de texto usados para armazenar pequenos peda\u00e7os de informa\u00e7\u00e3o. Os cookies s\u00e3o armazenados em seu dispositivo quando o site \u00e9 carregado em seu navegador. Esses cookies nos ajudam a fazer o site funcionar corretamente, torn\u00e1-lo mais seguro, fornecer uma melhor experi\u00eancia do usu\u00e1rio e entender como o site funciona e analisar o que funciona e onde precisa ser melhorado.<\/p>\n<h2>Como eu utilizo os cookies?<\/h2>\n<p>Como a maioria dos servi\u00e7os online, nosso site usa cookies pr\u00f3prios e cookies de terceiros para diversos fins. Os cookies prim\u00e1rios s\u00e3o principalmente necess\u00e1rios para o funcionamento correto do site e n\u00e3o coletam nenhum de seus dados de identifica\u00e7\u00e3o pessoal.<\/p>\n<p>Os cookies de terceiros usados em nossos sites s\u00e3o usados principalmente para entender como o site funciona, como voc\u00ea interage com nosso site, mantendo nossos servi\u00e7os seguros, fornecendo an\u00fancios que s\u00e3o relevantes para voc\u00ea e, em suma, proporcionando-lhe uma melhor e melhor experi\u00eancia do usu\u00e1rio e ajudar a acelerar suas futuras intera\u00e7\u00f5es com nosso site.<\/p>\n<h2>Que tipo de cookies n\u00f3s usamos?<\/h2>\n<p><b>Essencial:<\/b>&nbsp;Alguns cookies s\u00e3o essenciais para que voc\u00ea possa experimentar todas as funcionalidades do nosso site. Eles nos permitem manter as sess\u00f5es do usu\u00e1rio e prevenir quaisquer amea\u00e7as \u00e0 seguran\u00e7a. Eles n\u00e3o coletam ou armazenam nenhuma informa\u00e7\u00e3o pessoal.<\/p>\n<p><b>Estat\u00edsticas:<\/b>&nbsp;Esses cookies armazenam informa\u00e7\u00f5es como o n\u00famero de visitantes do site, o n\u00famero de visitantes \u00fanicos, quais p\u00e1ginas do site foram visitadas, a origem da visita, etc. Esses dados nos ajudam a compreender e analisar o desempenho do site e onde precisa de melhorias.<\/p>\n<p><b>Funcionais:<\/b>&nbsp;s\u00e3o os cookies que auxiliam certas funcionalidades n\u00e3o essenciais do nosso site. Essas funcionalidades incluem a incorpora\u00e7\u00e3o de conte\u00fado, como v\u00eddeos, ou o compartilhamento de conte\u00fado no site em plataformas de m\u00eddia social.<\/p>\n<p><b>Prefer\u00eancias:<\/b>&nbsp;Esses cookies nos ajudam a armazenar suas configura\u00e7\u00f5es e prefer\u00eancias de navega\u00e7\u00e3o, como prefer\u00eancias de idioma, para que voc\u00ea tenha uma experi\u00eancia melhor e eficiente em futuras visitas ao site.<\/p>\t\t\t\t\t\t\t\t<\/div>\n\t\t\t\t<\/div>\n\t\t\t\t\t<\/div>\n\t\t<\/div>\n\t\t\t\t\t<\/div>\n\t\t<\/section>\n\t\t\t\t<\/div>\n\t\t","protected":false},"excerpt":{"rendered":"<p>Sobre esta pol\u00edtica de cookies Esta Pol\u00edtica de Cookies explica o que s\u00e3o cookies e como os usamos. Voc\u00ea deve ler esta pol\u00edtica para entender o que s\u00e3o cookies, como os usamos, os tipos de cookies que usamos, ou seja, as informa\u00e7\u00f5es que coletamos usando cookies e como essas informa\u00e7\u00f5es s\u00e3o usadas e como controlar as prefer\u00eancias de cookies. Para obter mais informa\u00e7\u00f5es sobre como usamos, armazenamos e mantemos seus dados pessoais seguros, consulte nossa [&hellip;]<\/p>\n","protected":false},"author":3,"featured_media":0,"parent":0,"menu_order":0,"comment_status":"closed","ping_status":"closed","template":"","meta":{"_monsterinsights_skip_tracking":false,"_monsterinsights_sitenote_active":false,"_monsterinsights_sitenote_note":"","_monsterinsights_sitenote_category":0,"footnotes":""},"class_list":["post-7573","page","type-page","status-publish","hentry"],"yoast_head":"<!-- This site is optimized with the Yoast SEO plugin v27.2 - https:\/\/yoast.com\/product\/yoast-seo-wordpress\/ -->\n<title>Acesse e conhe\u00e7a a nossa Pol\u00edtica de Cookies &#187; Negocie Online Empresas<\/title>\n<meta name=\"description\" content=\"Esta Pol\u00edtica de Cookies explica o que s\u00e3o cookies e como os usamos. Entenda as informa\u00e7\u00f5es que coletamos usando cookies e como essas s\u00e3o usadas.\" \/>\n<meta name=\"robots\" content=\"index, follow, max-snippet:-1, max-image-preview:large, max-video-preview:-1\" \/>\n<link rel=\"canonical\" href=\"https:\/\/negocieonline.com.br\/empresas\/politica-de-cookies\/\" \/>\n<meta property=\"og:locale\" content=\"pt_BR\" \/>\n<meta property=\"og:type\" content=\"article\" \/>\n<meta property=\"og:title\" content=\"Acesse e conhe\u00e7a a nossa Pol\u00edtica de Cookies &#187; Negocie Online Empresas\" \/>\n<meta property=\"og:description\" content=\"Esta Pol\u00edtica de Cookies explica o que s\u00e3o cookies e como os usamos. Entenda as informa\u00e7\u00f5es que coletamos usando cookies e como essas s\u00e3o usadas.\" \/>\n<meta property=\"og:url\" content=\"https:\/\/negocieonline.com.br\/empresas\/politica-de-cookies\/\" \/>\n<meta property=\"og:site_name\" content=\"Negocie Online Empresas\" \/>\n<meta property=\"article:publisher\" content=\"https:\/\/www.facebook.com\/NegocieOnlinee\" \/>\n<meta property=\"article:modified_time\" content=\"2021-07-01T19:39:09+00:00\" \/>\n<meta property=\"og:image\" content=\"https:\/\/negocieonline.com.br\/empresas\/wp-content\/uploads\/2020\/10\/logo.png\" \/>\n\t<meta property=\"og:image:width\" content=\"617\" \/>\n\t<meta property=\"og:image:height\" content=\"208\" \/>\n\t<meta property=\"og:image:type\" content=\"image\/png\" \/>\n<meta name=\"twitter:card\" content=\"summary_large_image\" \/>\n<meta name=\"twitter:label1\" content=\"Est. tempo de leitura\" \/>\n\t<meta name=\"twitter:data1\" content=\"3 minutos\" \/>\n<script type=\"application\/ld+json\" class=\"yoast-schema-graph\">{\"@context\":\"https:\/\/schema.org\",\"@graph\":[{\"@type\":\"WebPage\",\"@id\":\"https:\/\/negocieonline.com.br\/empresas\/politica-de-cookies\/\",\"url\":\"https:\/\/negocieonline.com.br\/empresas\/politica-de-cookies\/\",\"name\":\"Acesse e conhe\u00e7a a nossa Pol\u00edtica de Cookies &#187; Negocie Online Empresas\",\"isPartOf\":{\"@id\":\"https:\/\/negocieonline.com.br\/empresas\/#website\"},\"datePublished\":\"2021-03-03T15:11:28+00:00\",\"dateModified\":\"2021-07-01T19:39:09+00:00\",\"description\":\"Esta Pol\u00edtica de Cookies explica o que s\u00e3o cookies e como os usamos. Entenda as informa\u00e7\u00f5es que coletamos usando cookies e como essas s\u00e3o usadas.\",\"breadcrumb\":{\"@id\":\"https:\/\/negocieonline.com.br\/empresas\/politica-de-cookies\/#breadcrumb\"},\"inLanguage\":\"pt-BR\",\"potentialAction\":[{\"@type\":\"ReadAction\",\"target\":[\"https:\/\/negocieonline.com.br\/empresas\/politica-de-cookies\/\"]}]},{\"@type\":\"BreadcrumbList\",\"@id\":\"https:\/\/negocieonline.com.br\/empresas\/politica-de-cookies\/#breadcrumb\",\"itemListElement\":[{\"@type\":\"ListItem\",\"position\":1,\"name\":\"In\u00edcio\",\"item\":\"https:\/\/negocieonline.com.br\/empresas\/\"},{\"@type\":\"ListItem\",\"position\":2,\"name\":\"Pol\u00edtica de Cookies\"}]},{\"@type\":\"WebSite\",\"@id\":\"https:\/\/negocieonline.com.br\/empresas\/#website\",\"url\":\"https:\/\/negocieonline.com.br\/empresas\/\",\"name\":\"Negocie Online Empresas\",\"description\":\"\",\"publisher\":{\"@id\":\"https:\/\/negocieonline.com.br\/empresas\/#organization\"},\"potentialAction\":[{\"@type\":\"SearchAction\",\"target\":{\"@type\":\"EntryPoint\",\"urlTemplate\":\"https:\/\/negocieonline.com.br\/empresas\/?s={search_term_string}\"},\"query-input\":{\"@type\":\"PropertyValueSpecification\",\"valueRequired\":true,\"valueName\":\"search_term_string\"}}],\"inLanguage\":\"pt-BR\"},{\"@type\":\"Organization\",\"@id\":\"https:\/\/negocieonline.com.br\/empresas\/#organization\",\"name\":\"Negocie Online\",\"url\":\"https:\/\/negocieonline.com.br\/empresas\/\",\"logo\":{\"@type\":\"ImageObject\",\"inLanguage\":\"pt-BR\",\"@id\":\"https:\/\/negocieonline.com.br\/empresas\/#\/schema\/logo\/image\/\",\"url\":\"https:\/\/negocieonline.com.br\/empresas\/wp-content\/uploads\/2020\/10\/logo.png\",\"contentUrl\":\"https:\/\/negocieonline.com.br\/empresas\/wp-content\/uploads\/2020\/10\/logo.png\",\"width\":617,\"height\":208,\"caption\":\"Negocie Online\"},\"image\":{\"@id\":\"https:\/\/negocieonline.com.br\/empresas\/#\/schema\/logo\/image\/\"},\"sameAs\":[\"https:\/\/www.facebook.com\/NegocieOnlinee\",\"https:\/\/www.instagram.com\/negocieonlinebr\/\",\"https:\/\/www.linkedin.com\/company\/negocie-online-br\/\",\"https:\/\/www.youtube.com\/channel\/UCJ4UWt07jNF2csnFdC3vVoQ\"]}]}<\/script>\n<!-- \/ Yoast SEO plugin. -->","yoast_head_json":{"title":"Acesse e conhe\u00e7a a nossa Pol\u00edtica de Cookies &#187; Negocie Online Empresas","description":"Esta Pol\u00edtica de Cookies explica o que s\u00e3o cookies e como os usamos. Entenda as informa\u00e7\u00f5es que coletamos usando cookies e como essas s\u00e3o usadas.","robots":{"index":"index","follow":"follow","max-snippet":"max-snippet:-1","max-image-preview":"max-image-preview:large","max-video-preview":"max-video-preview:-1"},"canonical":"https:\/\/negocieonline.com.br\/empresas\/politica-de-cookies\/","og_locale":"pt_BR","og_type":"article","og_title":"Acesse e conhe\u00e7a a nossa Pol\u00edtica de Cookies &#187; Negocie Online Empresas","og_description":"Esta Pol\u00edtica de Cookies explica o que s\u00e3o cookies e como os usamos. Entenda as informa\u00e7\u00f5es que coletamos usando cookies e como essas s\u00e3o usadas.","og_url":"https:\/\/negocieonline.com.br\/empresas\/politica-de-cookies\/","og_site_name":"Negocie Online Empresas","article_publisher":"https:\/\/www.facebook.com\/NegocieOnlinee","article_modified_time":"2021-07-01T19:39:09+00:00","og_image":[{"width":617,"height":208,"url":"https:\/\/negocieonline.com.br\/empresas\/wp-content\/uploads\/2020\/10\/logo.png","type":"image\/png"}],"twitter_card":"summary_large_image","twitter_misc":{"Est. tempo de leitura":"3 minutos"},"schema":{"@context":"https:\/\/schema.org","@graph":[{"@type":"WebPage","@id":"https:\/\/negocieonline.com.br\/empresas\/politica-de-cookies\/","url":"https:\/\/negocieonline.com.br\/empresas\/politica-de-cookies\/","name":"Acesse e conhe\u00e7a a nossa Pol\u00edtica de Cookies &#187; Negocie Online Empresas","isPartOf":{"@id":"https:\/\/negocieonline.com.br\/empresas\/#website"},"datePublished":"2021-03-03T15:11:28+00:00","dateModified":"2021-07-01T19:39:09+00:00","description":"Esta Pol\u00edtica de Cookies explica o que s\u00e3o cookies e como os usamos. Entenda as informa\u00e7\u00f5es que coletamos usando cookies e como essas s\u00e3o usadas.","breadcrumb":{"@id":"https:\/\/negocieonline.com.br\/empresas\/politica-de-cookies\/#breadcrumb"},"inLanguage":"pt-BR","potentialAction":[{"@type":"ReadAction","target":["https:\/\/negocieonline.com.br\/empresas\/politica-de-cookies\/"]}]},{"@type":"BreadcrumbList","@id":"https:\/\/negocieonline.com.br\/empresas\/politica-de-cookies\/#breadcrumb","itemListElement":[{"@type":"ListItem","position":1,"name":"In\u00edcio","item":"https:\/\/negocieonline.com.br\/empresas\/"},{"@type":"ListItem","position":2,"name":"Pol\u00edtica de Cookies"}]},{"@type":"WebSite","@id":"https:\/\/negocieonline.com.br\/empresas\/#website","url":"https:\/\/negocieonline.com.br\/empresas\/","name":"Negocie Online Empresas","description":"","publisher":{"@id":"https:\/\/negocieonline.com.br\/empresas\/#organization"},"potentialAction":[{"@type":"SearchAction","target":{"@type":"EntryPoint","urlTemplate":"https:\/\/negocieonline.com.br\/empresas\/?s={search_term_string}"},"query-input":{"@type":"PropertyValueSpecification","valueRequired":true,"valueName":"search_term_string"}}],"inLanguage":"pt-BR"},{"@type":"Organization","@id":"https:\/\/negocieonline.com.br\/empresas\/#organization","name":"Negocie Online","url":"https:\/\/negocieonline.com.br\/empresas\/","logo":{"@type":"ImageObject","inLanguage":"pt-BR","@id":"https:\/\/negocieonline.com.br\/empresas\/#\/schema\/logo\/image\/","url":"https:\/\/negocieonline.com.br\/empresas\/wp-content\/uploads\/2020\/10\/logo.png","contentUrl":"https:\/\/negocieonline.com.br\/empresas\/wp-content\/uploads\/2020\/10\/logo.png","width":617,"height":208,"caption":"Negocie Online"},"image":{"@id":"https:\/\/negocieonline.com.br\/empresas\/#\/schema\/logo\/image\/"},"sameAs":["https:\/\/www.facebook.com\/NegocieOnlinee","https:\/\/www.instagram.com\/negocieonlinebr\/","https:\/\/www.linkedin.com\/company\/negocie-online-br\/","https:\/\/www.youtube.com\/channel\/UCJ4UWt07jNF2csnFdC3vVoQ"]}]}},"_links":{"self":[{"href":"https:\/\/negocieonline.com.br\/empresas\/wp-json\/wp\/v2\/pages\/7573","targetHints":{"allow":["GET"]}}],"collection":[{"href":"https:\/\/negocieonline.com.br\/empresas\/wp-json\/wp\/v2\/pages"}],"about":[{"href":"https:\/\/negocieonline.com.br\/empresas\/wp-json\/wp\/v2\/types\/page"}],"author":[{"embeddable":true,"href":"https:\/\/negocieonline.com.br\/empresas\/wp-json\/wp\/v2\/users\/3"}],"replies":[{"embeddable":true,"href":"https:\/\/negocieonline.com.br\/empresas\/wp-json\/wp\/v2\/comments?post=7573"}],"version-history":[{"count":0,"href":"https:\/\/negocieonline.com.br\/empresas\/wp-json\/wp\/v2\/pages\/7573\/revisions"}],"wp:attachment":[{"href":"https:\/\/negocieonline.com.br\/empresas\/wp-json\/wp\/v2\/media?parent=7573"}],"curies":[{"name":"wp","href":"https:\/\/api.w.org\/{rel}","templated":true}]}}